{"id":344,"date":"2024-01-11T14:56:51","date_gmt":"2024-01-11T13:56:51","guid":{"rendered":"https:\/\/www.residencelevergerdyvonne.bzh\/politikerezh-prevezded\/"},"modified":"2024-01-11T14:56:51","modified_gmt":"2024-01-11T13:56:51","slug":"politikerezh-prevezded","status":"publish","type":"page","link":"https:\/\/www.residencelevergerdyvonne.bzh\/br-fr\/politikerezh-prevezded\/","title":{"rendered":"politikerezh prevezded"},"content":{"rendered":"[et_pb_section fb_built=&#8221;1&#8243; admin_label=&#8221;section&#8221; _builder_version=&#8221;4.16&#8243; global_colors_info=&#8221;{}&#8221;][et_pb_row admin_label=&#8221;row&#8221; _builder_version=&#8221;4.16&#8243; background_size=&#8221;initial&#8221; background_position=&#8221;top_left&#8221; background_repeat=&#8221;repeat&#8221; global_colors_info=&#8221;{}&#8221; custom_padding=&#8221;0px|||||&#8221;][et_pb_column type=&#8221;4_4&#8243; _builder_version=&#8221;4.16&#8243; custom_padding=&#8221;|||&#8221; global_colors_info=&#8221;{}&#8221; custom_padding__hover=&#8221;|||&#8221;][et_pb_text admin_label=&#8221;Text&#8221; _builder_version=&#8221;4.23.4&#8243; background_size=&#8221;initial&#8221; background_position=&#8221;top_left&#8221; background_repeat=&#8221;repeat&#8221; hover_enabled=&#8221;0&#8243; global_colors_info=&#8221;{}&#8221; sticky_enabled=&#8221;0&#8243;]<p><\/p>\n<h3 class=\"wp-block-heading\">Piv omp-ni?<\/h3>\n<p>Chomlec\u2019h hol lec\u2019hienn eo : https:\/\/www.residencelevergerdyvonne.bzh.<\/p>\n<p><\/p>\n<p><\/p>\n<p><\/p>\n<h3 class=\"wp-block-heading\">Toupino\u00f9<\/h3>\n<p>Pa gevreadoc\u2019h e lakaimp un toullad cookies evit enrolla\u00f1 hoc\u2019h titouro\u00f9 kevrea\u00f1 hag hoc\u2019h dibabo\u00f9 skramm. Daou zevezh e pad ar cookie kevrea\u00f1, ur bloavezh e pad ar cookie dibab skramm. Ma askit \u00ab So\u00f1j din \u00bb e vo miret ho toupin kevrea\u00f1 e-pad daou sizhunvezh. Ma n&#8217;oc&#8217;h ket evit kevrea\u00f1 ouzh ho kont e vo diverket ar c&#8217;houpenn kevrea\u00f1.<\/p>\n<p>En ur gemma\u00f1 pe en ur embann un embannadenn e vo enrollet un toupin ouzhpenn en ho merdeer. N&#8217;eus roadenno\u00f9 personel ebet enni er c&#8217;houtik-ma\u00f1. Merka\u00f1 a ra nemet ID an embannadenn emaoc\u2019h o paouez kemma\u00f1. Aet e oa da get e fin un deiz.<\/p>\n<p><\/p>\n<h3 class=\"wp-block-heading\">Endalc\u2019had e bourzh adalek lec\u2019hienno\u00f9 all<\/h3>\n<p>E pennado\u00f9 al lec&#8217;hienn-ma\u00f1 e c&#8217;hall beza\u00f1 enlakaet endalc&#8217;hado\u00f9 enlakaet (videoio\u00f9, skeudenno\u00f9, pennado\u00f9&#8230;). An endalc\u2019had enlakaet e lec\u2019hienno\u00f9 all a zo he\u00f1vel ouzh ar mod ma vefe ar weladennerien o vont d\u2019al lec\u2019hienn all-se.<\/p>\n<p>Gallout a rafe al lec\u2019hienno\u00f9 web-se dastum roadenno\u00f9 warnoc\u2019h, implijout cookies, lestra\u00f1 ostilho\u00f9 trede-ma\u00f1, heulia\u00f1 hoc\u2019h emgavio\u00f9 gant an endalc\u2019<\/p>\n<p><\/p>\n<p>&nbsp;<\/p>\n<p><\/p>[\/et_pb_text][\/et_pb_column][\/et_pb_row][\/et_pb_section]","protected":false},"excerpt":{"rendered":"<p>Piv omp-ni? Chomlec\u2019h hol lec\u2019hienn eo : https:\/\/www.residencelevergerdyvonne.bzh. Toupino\u00f9 Pa gevreadoc\u2019h e lakaimp un toullad cookies evit enrolla\u00f1 hoc\u2019h titouro\u00f9 kevrea\u00f1 hag hoc\u2019h dibabo\u00f9 skramm. Daou zevezh e pad ar cookie kevrea\u00f1, ur bloavezh e pad ar cookie dibab skramm. Ma askit \u00ab So\u00f1j din \u00bb e vo miret ho toupin kevrea\u00f1 e-pad daou sizhunvezh. [&hellip;]<\/p>\n","protected":false},"author":1,"featured_media":0,"parent":0,"menu_order":0,"comment_status":"closed","ping_status":"open","template":"","meta":{"_et_pb_use_builder":"on","_et_pb_old_content":"","_et_gb_content_width":"","footnotes":""},"class_list":["post-344","page","type-page","status-publish","hentry"],"_links":{"self":[{"href":"https:\/\/www.residencelevergerdyvonne.bzh\/br-fr\/wp-json\/wp\/v2\/pages\/344","targetHints":{"allow":["GET"]}}],"collection":[{"href":"https:\/\/www.residencelevergerdyvonne.bzh\/br-fr\/wp-json\/wp\/v2\/pages"}],"about":[{"href":"https:\/\/www.residencelevergerdyvonne.bzh\/br-fr\/wp-json\/wp\/v2\/types\/page"}],"author":[{"embeddable":true,"href":"https:\/\/www.residencelevergerdyvonne.bzh\/br-fr\/wp-json\/wp\/v2\/users\/1"}],"replies":[{"embeddable":true,"href":"https:\/\/www.residencelevergerdyvonne.bzh\/br-fr\/wp-json\/wp\/v2\/comments?post=344"}],"version-history":[{"count":0,"href":"https:\/\/www.residencelevergerdyvonne.bzh\/br-fr\/wp-json\/wp\/v2\/pages\/344\/revisions"}],"wp:attachment":[{"href":"https:\/\/www.residencelevergerdyvonne.bzh\/br-fr\/wp-json\/wp\/v2\/media?parent=344"}],"curies":[{"name":"wp","href":"https:\/\/api.w.org\/{rel}","templated":true}]}}