{"id":330,"date":"2024-01-17T11:56:30","date_gmt":"2024-01-17T10:56:30","guid":{"rendered":"https:\/\/www.residencelevergerdyvonne.bzh\/degemer-achanoch\/"},"modified":"2024-01-17T11:56:30","modified_gmt":"2024-01-17T10:56:30","slug":"degemer-achanoch","status":"publish","type":"page","link":"https:\/\/www.residencelevergerdyvonne.bzh\/br-fr\/degemer-achanoch\/","title":{"rendered":"DEGEMER AC\u2019HANOC\u2019H"},"content":{"rendered":"<p>[et_pb_section fb_built=&#8221;1&#8243; _builder_version=&#8221;4.23.4&#8243; _module_preset=&#8221;default&#8221; background_color=&#8221;#0e445e&#8221; custom_margin=&#8221;||||false|false&#8221; custom_padding=&#8221;35px||35px||false|false&#8221; global_colors_info=&#8221;{}&#8221;][et_pb_row _builder_version=&#8221;4.23.4&#8243; _module_preset=&#8221;default&#8221; global_colors_info=&#8221;{}&#8221;][et_pb_column type=&#8221;4_4&#8243; _builder_version=&#8221;4.23.4&#8243; _module_preset=&#8221;default&#8221; global_colors_info=&#8221;{}&#8221;][et_pb_text _builder_version=&#8221;4.23.4&#8243; _module_preset=&#8221;default&#8221; global_colors_info=&#8221;{}&#8221;]<\/p>\n<h2 style=\"text-align: center;\">DEGEMER AC\u2019HANOC\u2019H<\/h2>\n<p>[\/et_pb_text][\/et_pb_column][\/et_pb_row][\/et_pb_section][et_pb_section fb_built=&#8221;1&#8243; _builder_version=&#8221;4.23.4&#8243; _module_preset=&#8221;default&#8221; background_enable_color=&#8221;off&#8221; custom_margin=&#8221;0px||||false|false&#8221; custom_padding=&#8221;20px||||false|false&#8221; global_colors_info=&#8221;{}&#8221;][et_pb_row column_structure=&#8221;1_2,1_2&#8243; _builder_version=&#8221;4.23.4&#8243; _module_preset=&#8221;default&#8221; global_colors_info=&#8221;{}&#8221;][et_pb_column type=&#8221;1_2&#8243; _builder_version=&#8221;4.23.4&#8243; _module_preset=&#8221;default&#8221; global_colors_info=&#8221;{}&#8221;][et_pb_text _builder_version=&#8221;4.23.4&#8243; _module_preset=&#8221;default&#8221; custom_margin=&#8221;||15px||false|false&#8221; custom_padding=&#8221;||||false|false&#8221; global_colors_info=&#8221;{}&#8221;]<\/p>\n<h1>TEULIAD DEGEMER<\/h1>\n<p>[\/et_pb_text][et_pb_text _builder_version=&#8221;4.23.4&#8243; _module_preset=&#8221;default&#8221; hover_enabled=&#8221;0&#8243; global_colors_info=&#8221;{}&#8221; sticky_enabled=&#8221;0&#8243;]<\/p>\n<p><a href=\"\/wp-content\/uploads\/Dossier-de-demande-d-admission-cerfa-14732-03.pdf\" target=\"_blank\" rel=\"noopener\"><a href=\"\/wp-content\/uploads\/Dossier-de-demande-d-admission-cerfa-14732-03.pdf\">Pellgarga\u00f1 an teuliad degemer er stumm PDF<\/a><\/a><\/p>\n<p>[\/et_pb_text][\/et_pb_column][et_pb_column type=&#8221;1_2&#8243; _builder_version=&#8221;4.23.4&#8243; _module_preset=&#8221;default&#8221; global_colors_info=&#8221;{}&#8221;][et_pb_text _builder_version=&#8221;4.23.4&#8243; _module_preset=&#8221;default&#8221; custom_margin=&#8221;||15px||false|false&#8221; custom_padding=&#8221;||||false|false&#8221; global_colors_info=&#8221;{}&#8221;]<\/p>\n<h1>LEVRIG DEGEMER<\/h1>\n<p>[\/et_pb_text][et_pb_text _builder_version=&#8221;4.23.4&#8243; _module_preset=&#8221;default&#8221; hover_enabled=&#8221;0&#8243; global_colors_info=&#8221;{}&#8221; sticky_enabled=&#8221;0&#8243;]<\/p>\n<p><a href=\"\/wp-content\/uploads\/VERGER-D-YVONNE_livret%20accueil-web.pdf\" target=\"_blank\" rel=\"noopener\"><a href=\"\/wp-content\/uploads\/VERGER-D-YVONNE_livret%20accueil-web.pdf\">Pellgarga\u00f1 levrig degemer an Annez \u00ab Le Verger d\u2019Yvonne \u00bb er stumm PDF<\/a><\/a><\/p>\n<p>[\/et_pb_text][\/et_pb_column][\/et_pb_row][et_pb_row _builder_version=&#8221;4.23.4&#8243; _module_preset=&#8221;default&#8221; custom_margin=&#8221;||||false|false&#8221; custom_padding=&#8221;5px||5px||false|false&#8221; global_colors_info=&#8221;{}&#8221;][et_pb_column type=&#8221;4_4&#8243; _builder_version=&#8221;4.23.4&#8243; _module_preset=&#8221;default&#8221; global_colors_info=&#8221;{}&#8221;][et_pb_divider color=&#8221;#008996&#8243; divider_position=&#8221;center&#8221; _builder_version=&#8221;4.23.4&#8243; _module_preset=&#8221;default&#8221; global_colors_info=&#8221;{}&#8221;][\/et_pb_divider][\/et_pb_column][\/et_pb_row][et_pb_row _builder_version=&#8221;4.23.4&#8243; _module_preset=&#8221;default&#8221; global_colors_info=&#8221;{}&#8221;][et_pb_column type=&#8221;4_4&#8243; _builder_version=&#8221;4.23.4&#8243; _module_preset=&#8221;default&#8221; global_colors_info=&#8221;{}&#8221;][et_pb_text _builder_version=&#8221;4.23.4&#8243; _module_preset=&#8221;default&#8221; custom_margin=&#8221;||15px||false|false&#8221; global_colors_info=&#8221;{}&#8221;]<\/p>\n<h1>PRIZIO\u00d9<\/h1>\n<p>[\/et_pb_text][et_pb_text _builder_version=&#8221;4.23.4&#8243; _module_preset=&#8221;default&#8221; global_colors_info=&#8221;{}&#8221;]<\/p>\n<p style=\"text-align: justify;\">Kit e darempred gant degemer an Annez, mar plij, evit anavezout ar prizio\u00f9 herberc\u2019hia\u00f1.<\/p>\n<p>[\/et_pb_text][\/et_pb_column][\/et_pb_row][et_pb_row _builder_version=&#8221;4.23.4&#8243; _module_preset=&#8221;default&#8221; custom_margin=&#8221;||||false|false&#8221; custom_padding=&#8221;5px||5px||false|false&#8221; global_colors_info=&#8221;{}&#8221;][et_pb_column type=&#8221;4_4&#8243; _builder_version=&#8221;4.23.4&#8243; _module_preset=&#8221;default&#8221; global_colors_info=&#8221;{}&#8221;][et_pb_divider color=&#8221;#008996&#8243; divider_position=&#8221;center&#8221; _builder_version=&#8221;4.23.4&#8243; _module_preset=&#8221;default&#8221; global_colors_info=&#8221;{}&#8221;][\/et_pb_divider][\/et_pb_column][\/et_pb_row][et_pb_row _builder_version=&#8221;4.23.4&#8243; _module_preset=&#8221;default&#8221; global_colors_info=&#8221;{}&#8221;][et_pb_column type=&#8221;4_4&#8243; _builder_version=&#8221;4.23.4&#8243; _module_preset=&#8221;default&#8221; global_colors_info=&#8221;{}&#8221;][et_pb_text _builder_version=&#8221;4.23.4&#8243; _module_preset=&#8221;default&#8221; custom_margin=&#8221;||15px||false|false&#8221; custom_padding=&#8221;||||false|false&#8221; global_colors_info=&#8221;{}&#8221;]<\/p>\n<h1>SKOAZELLO\u00d9 ARC\u2019HANT<\/h1>\n<p>[\/et_pb_text][et_pb_text _builder_version=&#8221;4.23.4&#8243; _module_preset=&#8221;default&#8221; global_colors_info=&#8221;{}&#8221;]<\/p>\n<p style=\"text-align: justify;\">Skoazello\u00f9 zo evit mont e-barzh an Annez, hervez ho peadra.<\/p>\n<p style=\"text-align: justify;\">Skorenn Personelaet evit al Lojeiz (SPL)<br \/>O veza\u00f1 m\u2019ema\u00f1 an Annez dindan gevrat an SPL e vo kaset ur goulenn skoazell d\u2019ar C\u2019hef Gopro\u00f9-tiegezh pe da Genwarez sokial al labour-douar Evit paea\u00f1 ar skorenn-se e vez dalc\u2019het kont eus peadra an dud.<\/p>\n<p style=\"text-align: justify;\">Ar Skorenn Personelaet evit an Emrenerezh (SPA)<br \/>Paeet e vez ar skorenn war-eeun gant ar C\u2019huzul-departamant d\u2019an Annez evit ar re a zegemer anezhi, hervez live amzalc\u2019h an Annezad\u00b7ez. Ar sammad fakturennet a gemer e kont sammad ar skorenn-se da-ge\u00f1ver an treziad amzalc\u2019h.<\/p>\n<p style=\"text-align: justify;\">Ar Skoazell Sokial (SS)<br \/>Goulennet e vez ar Skoazell Sokial d\u2019an dud war an oad pa ne c\u2019hall ket an Annezad\u00b7ez pe e\/he familh paea\u00f1 ar mizo\u00f9 chom. Gant ar C\u2019huzul-departamant e vez termenet sammad ar skoazell sokial hag ar skorenn a vo da baea\u00f1, diouzh an dro, pa vez dleo\u00f9-maga\u00f1.<br \/>Ret e vo deoc\u2019h, diouzh an dro, mont e darempred gant sekretouriezh ho Ti-k\u00ear a sikouro ac\u2019hanoc\u2019h en ho tifraeo\u00f9 ha ret e vo kas ar goulenn da servijo\u00f9 ar C\u2019huzul-departamant.<\/p>\n<p>[\/et_pb_text][\/et_pb_column][\/et_pb_row][\/et_pb_section]<\/p>\n","protected":false},"excerpt":{"rendered":"<p>DEGEMER AC\u2019HANOC\u2019HTEULIAD DEGEMERPellgarga\u00f1 an teuliad degemer er stumm PDFLEVRIG DEGEMERPellgarga\u00f1 levrig degemer an Annez \u00ab Le Verger d\u2019Yvonne \u00bb er stumm PDFPRIZIO\u00d9Kit e darempred gant degemer an Annez, mar plij, evit anavezout ar prizio\u00f9 herberc\u2019hia\u00f1.SKOAZELLO\u00d9 ARC\u2019HANTSkoazello\u00f9 zo evit mont e-barzh an Annez, hervez ho peadra. Skorenn Personelaet evit al Lojeiz (SPL)O veza\u00f1 m\u2019ema\u00f1 an Annez [&hellip;]<\/p>\n","protected":false},"author":1,"featured_media":0,"parent":0,"menu_order":0,"comment_status":"closed","ping_status":"closed","template":"","meta":{"_et_pb_use_builder":"on","_et_pb_old_content":"","_et_gb_content_width":"","footnotes":""},"class_list":["post-330","page","type-page","status-publish","hentry"],"_links":{"self":[{"href":"https:\/\/www.residencelevergerdyvonne.bzh\/br-fr\/wp-json\/wp\/v2\/pages\/330","targetHints":{"allow":["GET"]}}],"collection":[{"href":"https:\/\/www.residencelevergerdyvonne.bzh\/br-fr\/wp-json\/wp\/v2\/pages"}],"about":[{"href":"https:\/\/www.residencelevergerdyvonne.bzh\/br-fr\/wp-json\/wp\/v2\/types\/page"}],"author":[{"embeddable":true,"href":"https:\/\/www.residencelevergerdyvonne.bzh\/br-fr\/wp-json\/wp\/v2\/users\/1"}],"replies":[{"embeddable":true,"href":"https:\/\/www.residencelevergerdyvonne.bzh\/br-fr\/wp-json\/wp\/v2\/comments?post=330"}],"version-history":[{"count":0,"href":"https:\/\/www.residencelevergerdyvonne.bzh\/br-fr\/wp-json\/wp\/v2\/pages\/330\/revisions"}],"wp:attachment":[{"href":"https:\/\/www.residencelevergerdyvonne.bzh\/br-fr\/wp-json\/wp\/v2\/media?parent=330"}],"curies":[{"name":"wp","href":"https:\/\/api.w.org\/{rel}","templated":true}]}}