{"id":322,"date":"2024-01-17T11:28:16","date_gmt":"2024-01-17T10:28:16","guid":{"rendered":"https:\/\/www.residencelevergerdyvonne.bzh\/ho-lech\/"},"modified":"2024-12-12T14:41:33","modified_gmt":"2024-12-12T13:41:33","slug":"ho-lech","status":"publish","type":"page","link":"https:\/\/www.residencelevergerdyvonne.bzh\/br-fr\/ho-lech\/","title":{"rendered":"HO LEC\u2019H"},"content":{"rendered":"<p>[et_pb_section fb_built=&#8221;1&#8243; _builder_version=&#8221;4.23.4&#8243; _module_preset=&#8221;default&#8221; background_color=&#8221;#0e445e&#8221; custom_margin=&#8221;||||false|false&#8221; custom_padding=&#8221;35px||35px||false|false&#8221; global_colors_info=&#8221;{}&#8221;][et_pb_row _builder_version=&#8221;4.23.4&#8243; _module_preset=&#8221;default&#8221; global_colors_info=&#8221;{}&#8221;][et_pb_column type=&#8221;4_4&#8243; _builder_version=&#8221;4.23.4&#8243; _module_preset=&#8221;default&#8221; global_colors_info=&#8221;{}&#8221;][et_pb_text _builder_version=&#8221;4.23.4&#8243; _module_preset=&#8221;default&#8221; global_colors_info=&#8221;{}&#8221;]<\/p>\n<h2 style=\"text-align: center;\">HO LEC\u2019H<\/h2>\n<p>[\/et_pb_text][\/et_pb_column][\/et_pb_row][\/et_pb_section][et_pb_section fb_built=&#8221;1&#8243; _builder_version=&#8221;4.23.4&#8243; _module_preset=&#8221;default&#8221; background_enable_color=&#8221;off&#8221; custom_margin=&#8221;0px||||false|false&#8221; custom_padding=&#8221;20px||||false|false&#8221; global_colors_info=&#8221;{}&#8221;][et_pb_row _builder_version=&#8221;4.23.4&#8243; _module_preset=&#8221;default&#8221; custom_padding=&#8221;||12px|||&#8221; global_colors_info=&#8221;{}&#8221;][et_pb_column type=&#8221;4_4&#8243; _builder_version=&#8221;4.23.4&#8243; _module_preset=&#8221;default&#8221; global_colors_info=&#8221;{}&#8221;][et_pb_text _builder_version=&#8221;4.23.4&#8243; _module_preset=&#8221;default&#8221; custom_margin=&#8221;||15px||false|false&#8221; custom_padding=&#8221;||||false|false&#8221; global_colors_info=&#8221;{}&#8221;]<\/p>\n<h1>GWELADENNI\u00d1 GANT VIDEOIO\u00d9<\/h1>\n<p>[\/et_pb_text][\/et_pb_column][\/et_pb_row][et_pb_row _builder_version=&#8221;4.23.4&#8243; _module_preset=&#8221;default&#8221; global_colors_info=&#8221;{}&#8221;][et_pb_column type=&#8221;4_4&#8243; _builder_version=&#8221;4.23.4&#8243; _module_preset=&#8221;default&#8221; global_colors_info=&#8221;{}&#8221;][et_pb_video src=&#8221;https:\/\/www.youtube.com\/watch?v=sCMSo2y3hYs&#8221; _builder_version=&#8221;4.23.4&#8243; _module_preset=&#8221;default&#8221; hover_enabled=&#8221;0&#8243; global_colors_info=&#8221;{}&#8221; sticky_enabled=&#8221;0&#8243;][\/et_pb_video][\/et_pb_column][\/et_pb_row][et_pb_row column_structure=&#8221;1_2,1_2&#8243; _builder_version=&#8221;4.23.4&#8243; _module_preset=&#8221;default&#8221; global_colors_info=&#8221;{}&#8221;][et_pb_column type=&#8221;1_2&#8243; _builder_version=&#8221;4.23.4&#8243; _module_preset=&#8221;default&#8221; global_colors_info=&#8221;{}&#8221;][et_pb_text _builder_version=&#8221;4.23.4&#8243; _module_preset=&#8221;default&#8221; custom_margin=&#8221;||15px||false|false&#8221; custom_padding=&#8221;||||false|false&#8221; global_colors_info=&#8221;{}&#8221;]<\/p>\n<h1>AR C\u2019HAMBREIER<\/h1>\n<p>[\/et_pb_text][et_pb_text _builder_version=&#8221;4.23.4&#8243; _module_preset=&#8221;default&#8221; global_colors_info=&#8221;{}&#8221;]<\/p>\n<p style=\"text-align: justify;\">Kambreier un den eo an holl gambreier, ur sal-dour prevez zo e pep hini anezhe. Lugernus int ha digor int war ur gwel kaer. Aveadurio\u00f9 mezegel hag ur reizhiad surentez zo enne evit gervel an implijidi.<\/p>\n<p style=\"text-align: justify;\">Gant trao\u00f9 personel e challer kinkla\u00f1 anezhe ; evel-se e c\u2019hall an Annezidi personelaat o diarbarzh.<\/p>\n<p>[\/et_pb_text][\/et_pb_column][et_pb_column type=&#8221;1_2&#8243; _builder_version=&#8221;4.23.4&#8243; _module_preset=&#8221;default&#8221; global_colors_info=&#8221;{}&#8221;][et_pb_image src=&#8221;https:\/\/www.residencelevergerdyvonne.bzh\/wp-content\/uploads\/2024\/01\/une-chambre.jpg&#8221; title_text=&#8221;AR C\u2019HAMBREIER&#8221; _builder_version=&#8221;4.23.4&#8243; _module_preset=&#8221;default&#8221; global_colors_info=&#8221;{}&#8221;][\/et_pb_image][\/et_pb_column][\/et_pb_row][et_pb_row _builder_version=&#8221;4.23.4&#8243; _module_preset=&#8221;default&#8221; custom_margin=&#8221;||||false|false&#8221; custom_padding=&#8221;5px||5px||false|false&#8221; global_colors_info=&#8221;{}&#8221;][et_pb_column type=&#8221;4_4&#8243; _builder_version=&#8221;4.23.4&#8243; _module_preset=&#8221;default&#8221; global_colors_info=&#8221;{}&#8221;][et_pb_divider color=&#8221;#008996&#8243; divider_position=&#8221;center&#8221; _builder_version=&#8221;4.23.4&#8243; _module_preset=&#8221;default&#8221; global_colors_info=&#8221;{}&#8221;][\/et_pb_divider][\/et_pb_column][\/et_pb_row][et_pb_row column_structure=&#8221;1_2,1_2&#8243; _builder_version=&#8221;4.23.4&#8243; _module_preset=&#8221;default&#8221; global_colors_info=&#8221;{}&#8221;][et_pb_column type=&#8221;1_2&#8243; _builder_version=&#8221;4.23.4&#8243; _module_preset=&#8221;default&#8221; global_colors_info=&#8221;{}&#8221;][et_pb_image src=&#8221;https:\/\/www.residencelevergerdyvonne.bzh\/wp-content\/uploads\/2024\/01\/espace-animation.jpg&#8221; title_text=&#8221;espace-animation&#8221; _builder_version=&#8221;4.23.4&#8243; _module_preset=&#8221;default&#8221; global_colors_info=&#8221;{}&#8221;][\/et_pb_image][\/et_pb_column][et_pb_column type=&#8221;1_2&#8243; _builder_version=&#8221;4.23.4&#8243; _module_preset=&#8221;default&#8221; global_colors_info=&#8221;{}&#8221;][et_pb_text _builder_version=&#8221;4.23.4&#8243; _module_preset=&#8221;default&#8221; custom_margin=&#8221;||15px||false|false&#8221; global_colors_info=&#8221;{}&#8221;]<\/p>\n<h1>AL LEC\u2019HIO\u00d9 BOUTIN<\/h1>\n<p>[\/et_pb_text][et_pb_text _builder_version=&#8221;4.23.4&#8243; _module_preset=&#8221;default&#8221; global_colors_info=&#8221;{}&#8221;]<\/p>\n<p style=\"text-align: justify;\">E-kreiz unvezio\u00f9 buhez an Annez e vez mareo\u00f9 plijus ha mareo\u00f9 ma vezer asambles e-pad ar predo\u00f9 hag abadenno\u00f9.<\/p>\n<p style=\"text-align: justify;\">Ur c\u2019horn ficherezh-blev, salo\u00f1so\u00f9, ur sal-abadenno\u00f9 vras, a c\u2019hall beza\u00f1 kinniget d\u2019an Annezidi ha d\u2019o zud-nes.<\/p>\n<p>[\/et_pb_text][\/et_pb_column][\/et_pb_row][et_pb_row _builder_version=&#8221;4.23.4&#8243; _module_preset=&#8221;default&#8221; custom_margin=&#8221;||||false|false&#8221; custom_padding=&#8221;5px||5px||false|false&#8221; global_colors_info=&#8221;{}&#8221;][et_pb_column type=&#8221;4_4&#8243; _builder_version=&#8221;4.23.4&#8243; _module_preset=&#8221;default&#8221; global_colors_info=&#8221;{}&#8221;][et_pb_divider color=&#8221;#008996&#8243; divider_position=&#8221;center&#8221; _builder_version=&#8221;4.23.4&#8243; _module_preset=&#8221;default&#8221; global_colors_info=&#8221;{}&#8221;][\/et_pb_divider][\/et_pb_column][\/et_pb_row][et_pb_row column_structure=&#8221;1_2,1_2&#8243; _builder_version=&#8221;4.23.4&#8243; _module_preset=&#8221;default&#8221; global_colors_info=&#8221;{}&#8221;][et_pb_column type=&#8221;1_2&#8243; _builder_version=&#8221;4.23.4&#8243; _module_preset=&#8221;default&#8221; global_colors_info=&#8221;{}&#8221;][et_pb_text _builder_version=&#8221;4.23.4&#8243; _module_preset=&#8221;default&#8221; custom_margin=&#8221;||15px||false|false&#8221; custom_padding=&#8221;||||false|false&#8221; global_colors_info=&#8221;{}&#8221;]<\/p>\n<h1>AL LEC\u2019HIO\u00d9 DIAVAEZ<\/h1>\n<p>[\/et_pb_text][et_pb_text _builder_version=&#8221;4.23.4&#8243; _module_preset=&#8221;default&#8221; global_colors_info=&#8221;{}&#8221;]<\/p>\n<p style=\"text-align: justify;\">Tro-dro d\u2019an Annez \u00ab Le verger d\u2019Yvonne \u00bb ez eus ul liorzh gant gwez ma vez gwenodenno\u00f9\u2013bale hag a zere ouzh monedoneo\u00f9 an Annezidi.<br \/>Un alez traezhet hag aes da vont ganti zo digor d\u2019an holl evit c\u2019hoari boulo\u00f9, petank, paledo\u00f9\u2026<br \/>Digeri\u00f1 a ra an unvezio\u00f9 buhez war-eeun war ar patioo\u00f9 pe ar savenno\u00f9 ma\u2019z eus bet staliet salo\u00f1so\u00f9 liorzh.<\/p>\n<p style=\"text-align: justify;\">Digeri\u00f1 a ra an unvezio\u00f9 buhez war-eeun war ar patioo\u00f9 pe ar savenno\u00f9 ma\u2019z eus bet staliet salo\u00f1so\u00f9 liorzh.<\/p>\n<p>[\/et_pb_text][\/et_pb_column][et_pb_column type=&#8221;1_2&#8243; _builder_version=&#8221;4.23.4&#8243; _module_preset=&#8221;default&#8221; global_colors_info=&#8221;{}&#8221;][et_pb_image src=&#8221;https:\/\/www.residencelevergerdyvonne.bzh\/wp-content\/uploads\/2024\/02\/Espaces-exterieurs.jpg&#8221; title_text=&#8221;AL LEC\u2019HIO\u00d9 DIAVAEZ&#8221; _builder_version=&#8221;4.23.4&#8243; _module_preset=&#8221;default&#8221; global_colors_info=&#8221;{}&#8221;][\/et_pb_image][\/et_pb_column][\/et_pb_row][\/et_pb_section]<\/p>\n","protected":false},"excerpt":{"rendered":"<p>HO LEC\u2019HGWELADENNI\u00d1 GANT VIDEOIO\u00d9AR C\u2019HAMBREIERKambreier un den eo an holl gambreier, ur sal-dour prevez zo e pep hini anezhe. Lugernus int ha digor int war ur gwel kaer. Aveadurio\u00f9 mezegel hag ur reizhiad surentez zo enne evit gervel an implijidi. Gant trao\u00f9 personel e challer kinkla\u00f1 anezhe ; evel-se e c\u2019hall an Annezidi personelaat o [&hellip;]<\/p>\n","protected":false},"author":1,"featured_media":0,"parent":0,"menu_order":0,"comment_status":"closed","ping_status":"closed","template":"","meta":{"_et_pb_use_builder":"on","_et_pb_old_content":"","_et_gb_content_width":"","footnotes":""},"class_list":["post-322","page","type-page","status-publish","hentry"],"_links":{"self":[{"href":"https:\/\/www.residencelevergerdyvonne.bzh\/br-fr\/wp-json\/wp\/v2\/pages\/322","targetHints":{"allow":["GET"]}}],"collection":[{"href":"https:\/\/www.residencelevergerdyvonne.bzh\/br-fr\/wp-json\/wp\/v2\/pages"}],"about":[{"href":"https:\/\/www.residencelevergerdyvonne.bzh\/br-fr\/wp-json\/wp\/v2\/types\/page"}],"author":[{"embeddable":true,"href":"https:\/\/www.residencelevergerdyvonne.bzh\/br-fr\/wp-json\/wp\/v2\/users\/1"}],"replies":[{"embeddable":true,"href":"https:\/\/www.residencelevergerdyvonne.bzh\/br-fr\/wp-json\/wp\/v2\/comments?post=322"}],"version-history":[{"count":3,"href":"https:\/\/www.residencelevergerdyvonne.bzh\/br-fr\/wp-json\/wp\/v2\/pages\/322\/revisions"}],"predecessor-version":[{"id":400,"href":"https:\/\/www.residencelevergerdyvonne.bzh\/br-fr\/wp-json\/wp\/v2\/pages\/322\/revisions\/400"}],"wp:attachment":[{"href":"https:\/\/www.residencelevergerdyvonne.bzh\/br-fr\/wp-json\/wp\/v2\/media?parent=322"}],"curies":[{"name":"wp","href":"https:\/\/api.w.org\/{rel}","templated":true}]}}