{"id":321,"date":"2024-01-17T06:40:11","date_gmt":"2024-01-17T05:40:11","guid":{"rendered":"https:\/\/www.residencelevergerdyvonne.bzh\/ho-puhez-pemdez\/"},"modified":"2024-01-17T06:40:11","modified_gmt":"2024-01-17T05:40:11","slug":"ho-puhez-pemdez","status":"publish","type":"page","link":"https:\/\/www.residencelevergerdyvonne.bzh\/br-fr\/ho-puhez-pemdez\/","title":{"rendered":"HO PUHEZ PEMDEZ"},"content":{"rendered":"<p>[et_pb_section fb_built=&#8221;1&#8243; _builder_version=&#8221;4.23.4&#8243; _module_preset=&#8221;default&#8221; background_color=&#8221;#0e445e&#8221; custom_margin=&#8221;||||false|false&#8221; custom_padding=&#8221;35px||35px||false|false&#8221; global_colors_info=&#8221;{}&#8221;][et_pb_row _builder_version=&#8221;4.23.4&#8243; _module_preset=&#8221;default&#8221; global_colors_info=&#8221;{}&#8221;][et_pb_column type=&#8221;4_4&#8243; _builder_version=&#8221;4.23.4&#8243; _module_preset=&#8221;default&#8221; global_colors_info=&#8221;{}&#8221;][et_pb_text _builder_version=&#8221;4.23.4&#8243; _module_preset=&#8221;default&#8221; global_colors_info=&#8221;{}&#8221;]<\/p>\n<h2 style=\"text-align: center;\">HO PUHEZ PEMDEZ<\/h2>\n<p>[\/et_pb_text][\/et_pb_column][\/et_pb_row][\/et_pb_section][et_pb_section fb_built=&#8221;1&#8243; _builder_version=&#8221;4.23.4&#8243; _module_preset=&#8221;default&#8221; background_enable_color=&#8221;off&#8221; custom_margin=&#8221;0px||||false|false&#8221; custom_padding=&#8221;20px||||false|false&#8221; global_colors_info=&#8221;{}&#8221;][et_pb_row column_structure=&#8221;1_2,1_2&#8243; _builder_version=&#8221;4.23.4&#8243; _module_preset=&#8221;default&#8221; global_colors_info=&#8221;{}&#8221;][et_pb_column type=&#8221;1_2&#8243; _builder_version=&#8221;4.23.4&#8243; _module_preset=&#8221;default&#8221; global_colors_info=&#8221;{}&#8221;][et_pb_text _builder_version=&#8221;4.23.4&#8243; _module_preset=&#8221;default&#8221; custom_margin=&#8221;||15px||false|false&#8221; custom_padding=&#8221;||||false|false&#8221; global_colors_info=&#8221;{}&#8221;]<\/p>\n<h1>DEGEMER AR FAMILHO\u00d9<\/h1>\n<p>[\/et_pb_text][et_pb_text _builder_version=&#8221;4.23.4&#8243; _module_preset=&#8221;default&#8221; global_colors_info=&#8221;{}&#8221;]<\/p>\n<p style=\"text-align: justify;\">En un endro plijus ha madelezhus e vez degemeret familho\u00f9 ha tud-nes an Annezidi ganeomp. Ur sal-debri\u00f1, salo\u00f1so\u00f9, ha patioo\u00f9 diavaez a c\u2019hall beza\u00f1 kinniget dezhe.<\/p>\n<p>[\/et_pb_text][\/et_pb_column][et_pb_column type=&#8221;1_2&#8243; _builder_version=&#8221;4.23.4&#8243; _module_preset=&#8221;default&#8221; global_colors_info=&#8221;{}&#8221;][et_pb_image src=&#8221;https:\/\/www.residencelevergerdyvonne.bzh\/wp-content\/uploads\/2024\/02\/Accueil-des-familles.jpg&#8221; title_text=&#8221;Accueil-des-familles&#8221; _builder_version=&#8221;4.23.4&#8243; _module_preset=&#8221;default&#8221; global_colors_info=&#8221;{}&#8221;][\/et_pb_image][\/et_pb_column][\/et_pb_row][et_pb_row _builder_version=&#8221;4.23.4&#8243; _module_preset=&#8221;default&#8221; custom_margin=&#8221;||||false|false&#8221; custom_padding=&#8221;5px||5px||false|false&#8221; global_colors_info=&#8221;{}&#8221;][et_pb_column type=&#8221;4_4&#8243; _builder_version=&#8221;4.23.4&#8243; _module_preset=&#8221;default&#8221; global_colors_info=&#8221;{}&#8221;][et_pb_divider color=&#8221;#008996&#8243; divider_position=&#8221;center&#8221; _builder_version=&#8221;4.23.4&#8243; _module_preset=&#8221;default&#8221; global_colors_info=&#8221;{}&#8221;][\/et_pb_divider][\/et_pb_column][\/et_pb_row][et_pb_row column_structure=&#8221;1_2,1_2&#8243; _builder_version=&#8221;4.23.4&#8243; _module_preset=&#8221;default&#8221; global_colors_info=&#8221;{}&#8221;][et_pb_column type=&#8221;1_2&#8243; _builder_version=&#8221;4.23.4&#8243; _module_preset=&#8221;default&#8221; global_colors_info=&#8221;{}&#8221;][et_pb_image src=&#8221;https:\/\/www.residencelevergerdyvonne.bzh\/wp-content\/uploads\/2024\/01\/l-animation.jpg&#8221; title_text=&#8221;l-animation&#8221; _builder_version=&#8221;4.23.4&#8243; _module_preset=&#8221;default&#8221; global_colors_info=&#8221;{}&#8221;][\/et_pb_image][\/et_pb_column][et_pb_column type=&#8221;1_2&#8243; _builder_version=&#8221;4.23.4&#8243; _module_preset=&#8221;default&#8221; global_colors_info=&#8221;{}&#8221;][et_pb_text _builder_version=&#8221;4.23.4&#8243; _module_preset=&#8221;default&#8221; custom_margin=&#8221;||15px||false|false&#8221; global_colors_info=&#8221;{}&#8221;]<\/p>\n<h1>AR BUHEZA\u00d1<\/h1>\n<p>[\/et_pb_text][et_pb_text _builder_version=&#8221;4.23.4&#8243; _module_preset=&#8221;default&#8221; global_colors_info=&#8221;{}&#8221;]<\/p>\n<p style=\"text-align: justify;\">Abalamour da vasta\u00f1 da ezhommo\u00f9 ha da c\u2019hoanto\u00f9 an Annezidi e vez kinniget abadenno\u00f9 ingal : lotoio\u00f9, lenn ar gazetenn, jiminas sioul ha\/pe azasaet, ataliero\u00f9 kegina\u00f1, kanaouenno\u00f9, kaozeadenno\u00f9 e brezhoneg, obererezhio\u00f9 dorn, mareo\u00f9 eskemm\u2026<\/p>\n<p style=\"text-align: justify;\">Gant an implijidi e vez prestet dezhe ivez aveadurio\u00f9 gant teknologiezhio\u00f9 nevez, evel ur velo addiorren, un daol liezobererezhio\u00f9 hag un urzhiataer gant ur moned d&#8217;an internet. Evit echui\u00f1 e vez aozet abadenno\u00f9 e diavaez an annez : marc\u2019had, diskouezadego\u00f9, levraoueg, mediaoueg, ober anaoudegezh gant ar glad, endervezhio\u00f9 da\u00f1sal, sonadego\u00f9, bord ar mor\u2026<\/p>\n<p>[\/et_pb_text][\/et_pb_column][\/et_pb_row][et_pb_row _builder_version=&#8221;4.23.4&#8243; _module_preset=&#8221;default&#8221; custom_margin=&#8221;||||false|false&#8221; custom_padding=&#8221;5px||5px||false|false&#8221; global_colors_info=&#8221;{}&#8221;][et_pb_column type=&#8221;4_4&#8243; _builder_version=&#8221;4.23.4&#8243; _module_preset=&#8221;default&#8221; global_colors_info=&#8221;{}&#8221;][et_pb_divider color=&#8221;#008996&#8243; divider_position=&#8221;center&#8221; _builder_version=&#8221;4.23.4&#8243; _module_preset=&#8221;default&#8221; global_colors_info=&#8221;{}&#8221;][\/et_pb_divider][\/et_pb_column][\/et_pb_row][et_pb_row column_structure=&#8221;1_2,1_2&#8243; _builder_version=&#8221;4.23.4&#8243; _module_preset=&#8221;default&#8221; global_colors_info=&#8221;{}&#8221;][et_pb_column type=&#8221;1_2&#8243; _builder_version=&#8221;4.23.4&#8243; _module_preset=&#8221;default&#8221; global_colors_info=&#8221;{}&#8221;][et_pb_text _builder_version=&#8221;4.23.4&#8243; _module_preset=&#8221;default&#8221; custom_margin=&#8221;||15px||false|false&#8221; custom_padding=&#8221;||||false|false&#8221; global_colors_info=&#8221;{}&#8221;]<\/p>\n<h1>AR BOUED<\/h1>\n<p>[\/et_pb_text][et_pb_text _builder_version=&#8221;4.23.4&#8243; _module_preset=&#8221;default&#8221; global_colors_info=&#8221;{}&#8221;]<\/p>\n<p style=\"text-align: justify;\">Gant an Annez e vez kinniget boued a-zoare, aozet gant ur skipailh keginerien ha keginerezed hag a labour war al lec\u2019h e darempred gant un bouedour\u00b7ez.<\/p>\n<p>Servijet e vez an holl bredo\u00f9 (dijuni\u00f1, merenn, merenn-vihan ha koan) e pretio\u00f9 an unvezio\u00f9 (pe er c\u2019hambro\u00f9 ma ne c\u2019hall ket an dud ober mod all abalamour da stad o yec\u2019hed). Diouzh noz e vez kinniget adkoan hervez ezhommo\u00f9 pe goulenno\u00f9 an Annezidi.<\/p>\n<p>[\/et_pb_text][\/et_pb_column][et_pb_column type=&#8221;1_2&#8243; _builder_version=&#8221;4.23.4&#8243; _module_preset=&#8221;default&#8221; global_colors_info=&#8221;{}&#8221;][et_pb_image src=&#8221;https:\/\/www.residencelevergerdyvonne.bzh\/wp-content\/uploads\/2024\/01\/la-restauration.jpg&#8221; title_text=&#8221;la-restauration&#8221; _builder_version=&#8221;4.23.4&#8243; _module_preset=&#8221;default&#8221; global_colors_info=&#8221;{}&#8221;][\/et_pb_image][\/et_pb_column][\/et_pb_row][et_pb_row _builder_version=&#8221;4.23.4&#8243; _module_preset=&#8221;default&#8221; custom_margin=&#8221;||||false|false&#8221; custom_padding=&#8221;5px||5px||false|false&#8221; global_colors_info=&#8221;{}&#8221;][et_pb_column type=&#8221;4_4&#8243; _builder_version=&#8221;4.23.4&#8243; _module_preset=&#8221;default&#8221; global_colors_info=&#8221;{}&#8221;][et_pb_divider color=&#8221;#008996&#8243; divider_position=&#8221;center&#8221; _builder_version=&#8221;4.23.4&#8243; _module_preset=&#8221;default&#8221; global_colors_info=&#8221;{}&#8221;][\/et_pb_divider][\/et_pb_column][\/et_pb_row][et_pb_row column_structure=&#8221;1_2,1_2&#8243; _builder_version=&#8221;4.23.4&#8243; _module_preset=&#8221;default&#8221; global_colors_info=&#8221;{}&#8221;][et_pb_column type=&#8221;1_2&#8243; _builder_version=&#8221;4.23.4&#8243; _module_preset=&#8221;default&#8221; global_colors_info=&#8221;{}&#8221;][et_pb_image src=&#8221;https:\/\/www.residencelevergerdyvonne.bzh\/wp-content\/uploads\/2024\/01\/la-blanchisserie.jpg&#8221; title_text=&#8221;la-blanchisserie&#8221; _builder_version=&#8221;4.23.4&#8243; _module_preset=&#8221;default&#8221; global_colors_info=&#8221;{}&#8221;][\/et_pb_image][\/et_pb_column][et_pb_column type=&#8221;1_2&#8243; _builder_version=&#8221;4.23.4&#8243; _module_preset=&#8221;default&#8221; global_colors_info=&#8221;{}&#8221;][et_pb_text _builder_version=&#8221;4.23.4&#8243; _module_preset=&#8221;default&#8221; custom_margin=&#8221;||15px||false|false&#8221; global_colors_info=&#8221;{}&#8221;]<\/p>\n<h1>AR GANNEREZH<\/h1>\n<p>[\/et_pb_text][et_pb_text _builder_version=&#8221;4.23.4&#8243; _module_preset=&#8221;default&#8221; global_colors_info=&#8221;{}&#8221;]<\/p>\n<p style=\"text-align: justify;\">Gant skipailh ar gannerezh e vez graet war-dro al lienaj-letierezh.<\/p>\n<p>Gant ur pourchaser diavaez e vez graet war-dro lien plat an Annez ha war al lec\u2019h e vez tikedennet ha graet war-dro dilhad an Annezidi.<\/p>\n<p>Gant an Annez e vez pourchaset an torchenno\u00f9, al li\u00f1selio\u00f9, ar pallenno\u00f9, ar serviedenno\u00f9 kibell, al lienaj-taol\u2026<\/p>\n<p>[\/et_pb_text][\/et_pb_column][\/et_pb_row][et_pb_row _builder_version=&#8221;4.23.4&#8243; _module_preset=&#8221;default&#8221; custom_margin=&#8221;||||false|false&#8221; custom_padding=&#8221;5px||5px||false|false&#8221; global_colors_info=&#8221;{}&#8221;][et_pb_column type=&#8221;4_4&#8243; _builder_version=&#8221;4.23.4&#8243; _module_preset=&#8221;default&#8221; global_colors_info=&#8221;{}&#8221;][et_pb_divider color=&#8221;#008996&#8243; divider_position=&#8221;center&#8221; _builder_version=&#8221;4.23.4&#8243; _module_preset=&#8221;default&#8221; global_colors_info=&#8221;{}&#8221;][\/et_pb_divider][\/et_pb_column][\/et_pb_row][et_pb_row column_structure=&#8221;1_2,1_2&#8243; _builder_version=&#8221;4.23.4&#8243; _module_preset=&#8221;default&#8221; global_colors_info=&#8221;{}&#8221;][et_pb_column type=&#8221;1_2&#8243; _builder_version=&#8221;4.23.4&#8243; _module_preset=&#8221;default&#8221; global_colors_info=&#8221;{}&#8221;][et_pb_text _builder_version=&#8221;4.23.4&#8243; _module_preset=&#8221;default&#8221; custom_margin=&#8221;||15px||false|false&#8221; custom_padding=&#8221;||||false|false&#8221; global_colors_info=&#8221;{}&#8221;]<\/p>\n<h1>AN EMELLERIEN VEZEGEZEL HA LEDVEZEGEL<\/h1>\n<p>[\/et_pb_text][et_pb_text _builder_version=&#8221;4.23.4&#8243; _module_preset=&#8221;default&#8221; hover_enabled=&#8221;0&#8243; global_colors_info=&#8221;{}&#8221; sticky_enabled=&#8221;0&#8243;]<\/p>\n<p style=\"text-align: justify;\">Abalamour da vasta\u00f1 d\u2019hoc\u2019h ezhommo\u00f9 e c\u2019haller goulenn ouzh an dud a vicher-ma\u00f1 pledi\u00f1 gante :<\/p>\n<ul>\n<li>Bus ar geno\u00f9 hag an dent<\/li>\n<li>Bouedour\u00b7ez<\/li>\n<li>Ospitala\u00f1 er g\u00ear (OEG)<\/li>\n<li>Leu\u00f1vourien ha leu\u00f1vourezed<\/li>\n<li>Mezeien a vicher frank<\/li>\n<li>Lunederien ha lunederezed &#8211; Protezourien-glevet ha protezourezed-klevet<\/li>\n<li>Ortofonour\u00b7ez<\/li>\n<li>Ortoprotezourien hag ortoprotezourezed<\/li>\n<li>Ficherien-dreid ha ficherezed-treid &#8211; Podologourien ha podologourezed<\/li>\n<li>Apotikerezh e k\u00ear<\/li>\n<\/ul>\n<p>[\/et_pb_text][\/et_pb_column][et_pb_column type=&#8221;1_2&#8243; _builder_version=&#8221;4.23.4&#8243; _module_preset=&#8221;default&#8221; global_colors_info=&#8221;{}&#8221;][et_pb_image src=&#8221;https:\/\/www.residencelevergerdyvonne.bzh\/wp-content\/uploads\/2024\/02\/Intervenants-medicaux.jpg&#8221; title_text=&#8221;Intervenants-medicaux&#8221; _builder_version=&#8221;4.23.4&#8243; _module_preset=&#8221;default&#8221; global_colors_info=&#8221;{}&#8221;][\/et_pb_image][\/et_pb_column][\/et_pb_row][\/et_pb_section]<\/p>\n","protected":false},"excerpt":{"rendered":"<p>HO PUHEZ PEMDEZDEGEMER AR FAMILHO\u00d9En un endro plijus ha madelezhus e vez degemeret familho\u00f9 ha tud-nes an Annezidi ganeomp. Ur sal-debri\u00f1, salo\u00f1so\u00f9, ha patioo\u00f9 diavaez a c\u2019hall beza\u00f1 kinniget dezhe.AR BUHEZA\u00d1Abalamour da vasta\u00f1 da ezhommo\u00f9 ha da c\u2019hoanto\u00f9 an Annezidi e vez kinniget abadenno\u00f9 ingal : lotoio\u00f9, lenn ar gazetenn, jiminas sioul ha\/pe azasaet, ataliero\u00f9 [&hellip;]<\/p>\n","protected":false},"author":1,"featured_media":0,"parent":0,"menu_order":0,"comment_status":"closed","ping_status":"closed","template":"","meta":{"_et_pb_use_builder":"on","_et_pb_old_content":"","_et_gb_content_width":"","footnotes":""},"class_list":["post-321","page","type-page","status-publish","hentry"],"_links":{"self":[{"href":"https:\/\/www.residencelevergerdyvonne.bzh\/br-fr\/wp-json\/wp\/v2\/pages\/321","targetHints":{"allow":["GET"]}}],"collection":[{"href":"https:\/\/www.residencelevergerdyvonne.bzh\/br-fr\/wp-json\/wp\/v2\/pages"}],"about":[{"href":"https:\/\/www.residencelevergerdyvonne.bzh\/br-fr\/wp-json\/wp\/v2\/types\/page"}],"author":[{"embeddable":true,"href":"https:\/\/www.residencelevergerdyvonne.bzh\/br-fr\/wp-json\/wp\/v2\/users\/1"}],"replies":[{"embeddable":true,"href":"https:\/\/www.residencelevergerdyvonne.bzh\/br-fr\/wp-json\/wp\/v2\/comments?post=321"}],"version-history":[{"count":0,"href":"https:\/\/www.residencelevergerdyvonne.bzh\/br-fr\/wp-json\/wp\/v2\/pages\/321\/revisions"}],"wp:attachment":[{"href":"https:\/\/www.residencelevergerdyvonne.bzh\/br-fr\/wp-json\/wp\/v2\/media?parent=321"}],"curies":[{"name":"wp","href":"https:\/\/api.w.org\/{rel}","templated":true}]}}