{"id":319,"date":"2024-01-17T10:58:43","date_gmt":"2024-01-17T09:58:43","guid":{"rendered":"https:\/\/www.residencelevergerdyvonne.bzh\/hon-annez\/"},"modified":"2024-01-17T10:58:43","modified_gmt":"2024-01-17T09:58:43","slug":"hon-annez","status":"publish","type":"page","link":"https:\/\/www.residencelevergerdyvonne.bzh\/br-fr\/hon-annez\/","title":{"rendered":"HON ANNEZ"},"content":{"rendered":"<p>[et_pb_section fb_built=&#8221;1&#8243; _builder_version=&#8221;4.23.4&#8243; _module_preset=&#8221;default&#8221; background_color=&#8221;#0e445e&#8221; custom_margin=&#8221;||||false|false&#8221; custom_padding=&#8221;35px||35px||false|false&#8221; global_colors_info=&#8221;{}&#8221;][et_pb_row _builder_version=&#8221;4.23.4&#8243; _module_preset=&#8221;default&#8221; global_colors_info=&#8221;{}&#8221;][et_pb_column type=&#8221;4_4&#8243; _builder_version=&#8221;4.23.4&#8243; _module_preset=&#8221;default&#8221; global_colors_info=&#8221;{}&#8221;][et_pb_text _builder_version=&#8221;4.23.4&#8243; _module_preset=&#8221;default&#8221; global_colors_info=&#8221;{}&#8221;]<\/p>\n<h2 style=\"text-align: center;\">HON ANNEZ<\/h2>\n<p>[\/et_pb_text][\/et_pb_column][\/et_pb_row][\/et_pb_section][et_pb_section fb_built=&#8221;1&#8243; _builder_version=&#8221;4.23.4&#8243; _module_preset=&#8221;default&#8221; background_enable_color=&#8221;off&#8221; custom_margin=&#8221;0px||||false|false&#8221; custom_padding=&#8221;20px||||false|false&#8221; global_colors_info=&#8221;{}&#8221;][et_pb_row column_structure=&#8221;1_2,1_2&#8243; _builder_version=&#8221;4.23.4&#8243; _module_preset=&#8221;default&#8221; global_colors_info=&#8221;{}&#8221;][et_pb_column type=&#8221;1_2&#8243; _builder_version=&#8221;4.23.4&#8243; _module_preset=&#8221;default&#8221; global_colors_info=&#8221;{}&#8221;][et_pb_text _builder_version=&#8221;4.23.4&#8243; _module_preset=&#8221;default&#8221; custom_margin=&#8221;||15px||false|false&#8221; custom_padding=&#8221;||||false|false&#8221; global_colors_info=&#8221;{}&#8221;]<\/p>\n<h1>HOR SKIPAILH<\/h1>\n<p>[\/et_pb_text][et_pb_text _builder_version=&#8221;4.23.4&#8243; _module_preset=&#8221;default&#8221; hover_enabled=&#8221;0&#8243; global_colors_info=&#8221;{}&#8221; sticky_enabled=&#8221;0&#8243;]<\/p>\n<p style=\"text-align: justify;\">Ur skipailh liesdiskiblezhel zo en ho servij, evit sikour ac\u2019hanoc\u2019h keit ha ma vezit o chom en ti-ma\u00f1 :<\/p>\n<ul>\n<li style=\"text-align: justify;\">Eilrener\u00b7ez<\/li>\n<li style=\"text-align: justify;\">Gwazourien ha gwazourezed lec\u2019havei\u00f1<\/li>\n<li style=\"text-align: justify;\">Gwazourien ha gwazourezed teknikel<\/li>\n<li style=\"text-align: justify;\">Adkla\u00f1vdiourien hag adkla\u00f1vdiourezed noz ha deiz \/ ASG (skoazellerien brederia\u00f1 ha skoazellerezed predereria\u00f1 e gerontologiezh) \/ Gwarzourien ha gwarzourezed prederia\u00f1.<\/li>\n<li style=\"text-align: justify;\">Buhezour\u00b7ez<\/li>\n<li style=\"text-align: justify;\">Kontour\u00b7ez \/ Koskor<\/li>\n<li style=\"text-align: justify;\">Keginerien ha keginererezed<\/li>\n<li style=\"text-align: justify;\">Rener\u00b7ez<\/li>\n<li style=\"text-align: justify;\">Ergoterapeutour\u00b7ez<\/li>\n<li style=\"text-align: justify;\">Kla\u00f1vdiourien ha kla\u00f1vdiourezed<\/li>\n<li style=\"text-align: justify;\">Kla\u00f1vdiour\u00b7ez kenurzhier\u00b7ez<\/li>\n<li style=\"text-align: justify;\">Lienerien ha lienerezed<\/li>\n<li style=\"text-align: justify;\">Psikologour\u00b7ez<\/li>\n<li style=\"text-align: justify;\">Sekretour\u00b7ez degemer<\/li>\n<\/ul>\n<p>An holl wazourien zo perzhek ha stummet da harpa\u00f1 an dud war an oad ha da aesaat dezhe beza\u00f1 en o bleud, en holl drao\u00f9 a vez graet gante en o buhez pemdeziek.<\/p>\n<p>[\/et_pb_text][\/et_pb_column][et_pb_column type=&#8221;1_2&#8243; _builder_version=&#8221;4.23.4&#8243; _module_preset=&#8221;default&#8221; global_colors_info=&#8221;{}&#8221;][et_pb_image src=&#8221;https:\/\/www.residencelevergerdyvonne.bzh\/wp-content\/uploads\/2024\/02\/Equipe.jpg&#8221; _builder_version=&#8221;4.23.4&#8243; _module_preset=&#8221;default&#8221; title_text=&#8221;Equipe&#8221; hover_enabled=&#8221;0&#8243; sticky_enabled=&#8221;0&#8243;][\/et_pb_image][\/et_pb_column][\/et_pb_row][et_pb_row _builder_version=&#8221;4.23.4&#8243; _module_preset=&#8221;default&#8221; custom_margin=&#8221;||||false|false&#8221; custom_padding=&#8221;5px||5px||false|false&#8221; global_colors_info=&#8221;{}&#8221;][et_pb_column type=&#8221;4_4&#8243; _builder_version=&#8221;4.23.4&#8243; _module_preset=&#8221;default&#8221; global_colors_info=&#8221;{}&#8221;][et_pb_divider color=&#8221;#008996&#8243; divider_position=&#8221;center&#8221; _builder_version=&#8221;4.23.4&#8243; _module_preset=&#8221;default&#8221; global_colors_info=&#8221;{}&#8221;][\/et_pb_divider][\/et_pb_column][\/et_pb_row][et_pb_row column_structure=&#8221;1_2,1_2&#8243; _builder_version=&#8221;4.23.4&#8243; _module_preset=&#8221;default&#8221; global_colors_info=&#8221;{}&#8221;][et_pb_column type=&#8221;1_2&#8243; _builder_version=&#8221;4.23.4&#8243; _module_preset=&#8221;default&#8221; global_colors_info=&#8221;{}&#8221;][et_pb_image src=&#8221;https:\/\/www.residencelevergerdyvonne.bzh\/wp-content\/uploads\/2024\/02\/Missions.jpg&#8221; _builder_version=&#8221;4.23.4&#8243; _module_preset=&#8221;default&#8221; title_text=&#8221;Missions&#8221; hover_enabled=&#8221;0&#8243; sticky_enabled=&#8221;0&#8243;][\/et_pb_image][\/et_pb_column][et_pb_column type=&#8221;1_2&#8243; _builder_version=&#8221;4.23.4&#8243; _module_preset=&#8221;default&#8221; global_colors_info=&#8221;{}&#8221;][et_pb_text _builder_version=&#8221;4.23.4&#8243; _module_preset=&#8221;default&#8221; custom_margin=&#8221;||15px||false|false&#8221; global_colors_info=&#8221;{}&#8221;]<\/p>\n<h1>HOR C\u2019HEFRIDIO\u00d9<\/h1>\n<p>[\/et_pb_text][et_pb_text _builder_version=&#8221;4.23.4&#8243; _module_preset=&#8221;default&#8221; global_colors_info=&#8221;{}&#8221;]<\/p>\n<p style=\"text-align: justify;\">En Annez, 90 gwele enna\u00f1, ez eus daou dakad, un takad AHDOD (Annez Herberc\u2019hia\u00f1 Evit An Dud Oadet Dalc\u2019het) hag un takad UBG (Unvez Buhez Gwarezet).<br \/>Pemp unvez buhez zo en takad AHDOD. Gouestlet int da harpa\u00f1 an dud oadet a 60 vloaz hag ouzhpenn, pe e vefent emren pe e vefent o koll o emrenerezh abalamour d\u2019o strafuilho\u00f9 korf, bred pe sokial.<br \/>Un unvez buhez zo en takad UBG. Gouestlet eo da harpa\u00f1 an dud kla\u00f1v gant kle\u00f1ved Alzheimer pe ur c\u2019hle\u00f1ved all seurt-se.<br \/>Hor c\u2019hefridio\u00f9 zo sikour an Annezidi en o boazio\u00f9 eus ar vuhez pemdez ha sikour anezhe da chom emren ha degas aezamant dezhe ha selaou anezhe war un dro.<\/p>\n<p>[\/et_pb_text][\/et_pb_column][\/et_pb_row][et_pb_row _builder_version=&#8221;4.23.4&#8243; _module_preset=&#8221;default&#8221; custom_margin=&#8221;||||false|false&#8221; custom_padding=&#8221;5px||5px||false|false&#8221; global_colors_info=&#8221;{}&#8221;][et_pb_column type=&#8221;4_4&#8243; _builder_version=&#8221;4.23.4&#8243; _module_preset=&#8221;default&#8221; global_colors_info=&#8221;{}&#8221;][et_pb_divider color=&#8221;#008996&#8243; divider_position=&#8221;center&#8221; _builder_version=&#8221;4.23.4&#8243; _module_preset=&#8221;default&#8221; global_colors_info=&#8221;{}&#8221;][\/et_pb_divider][\/et_pb_column][\/et_pb_row][et_pb_row column_structure=&#8221;1_2,1_2&#8243; _builder_version=&#8221;4.23.4&#8243; _module_preset=&#8221;default&#8221; global_colors_info=&#8221;{}&#8221;][et_pb_column type=&#8221;1_2&#8243; _builder_version=&#8221;4.23.4&#8243; _module_preset=&#8221;default&#8221; global_colors_info=&#8221;{}&#8221;][et_pb_text _builder_version=&#8221;4.23.4&#8243; _module_preset=&#8221;default&#8221; custom_margin=&#8221;||15px||false|false&#8221; custom_padding=&#8221;||||false|false&#8221; global_colors_info=&#8221;{}&#8221;]<\/p>\n<h1>HON TALVOUDO\u00d9<\/h1>\n<p>[\/et_pb_text][et_pb_text _builder_version=&#8221;4.23.4&#8243; _module_preset=&#8221;default&#8221; global_colors_info=&#8221;{}&#8221;]<\/p>\n<p style=\"text-align: justify;\">Fellout a ra d\u2019ar skipailh degemer ha harpa\u00f1 an Annezidi hag o zud-nes gant madelezh hag imor vat.<br \/>\nDouja\u00f1s, selaou, empatiezh, kaozeadenno\u00f9 ha kengred eo an talvoudo\u00f9 a laka birvilh er skipailh liesdiskiblezhel war ar pemdez.<\/p>\n<p>[\/et_pb_text][\/et_pb_column][et_pb_column type=&#8221;1_2&#8243; _builder_version=&#8221;4.23.4&#8243; _module_preset=&#8221;default&#8221; global_colors_info=&#8221;{}&#8221;][et_pb_image src=&#8221;https:\/\/www.residencelevergerdyvonne.bzh\/wp-content\/uploads\/2024\/02\/Nos-valeurs.jpg&#8221; _builder_version=&#8221;4.23.4&#8243; _module_preset=&#8221;default&#8221; title_text=&#8221;Nos-valeurs&#8221; hover_enabled=&#8221;0&#8243; sticky_enabled=&#8221;0&#8243;][\/et_pb_image][\/et_pb_column][\/et_pb_row][et_pb_row _builder_version=&#8221;4.23.4&#8243; _module_preset=&#8221;default&#8221; custom_margin=&#8221;||||false|false&#8221; custom_padding=&#8221;5px||5px||false|false&#8221; global_colors_info=&#8221;{}&#8221;][et_pb_column type=&#8221;4_4&#8243; _builder_version=&#8221;4.23.4&#8243; _module_preset=&#8221;default&#8221; global_colors_info=&#8221;{}&#8221;][et_pb_divider color=&#8221;#008996&#8243; divider_position=&#8221;center&#8221; _builder_version=&#8221;4.23.4&#8243; _module_preset=&#8221;default&#8221; global_colors_info=&#8221;{}&#8221;][\/et_pb_divider][\/et_pb_column][\/et_pb_row][et_pb_row column_structure=&#8221;1_2,1_2&#8243; _builder_version=&#8221;4.23.4&#8243; _module_preset=&#8221;default&#8221; global_colors_info=&#8221;{}&#8221;][et_pb_column type=&#8221;1_2&#8243; _builder_version=&#8221;4.23.4&#8243; _module_preset=&#8221;default&#8221; global_colors_info=&#8221;{}&#8221;][et_pb_image src=&#8221;https:\/\/www.residencelevergerdyvonne.bzh\/wp-content\/uploads\/2024\/02\/UVP.jpg&#8221; _builder_version=&#8221;4.23.4&#8243; _module_preset=&#8221;default&#8221; title_text=&#8221;UVP&#8221; hover_enabled=&#8221;0&#8243; sticky_enabled=&#8221;0&#8243;][\/et_pb_image][\/et_pb_column][et_pb_column type=&#8221;1_2&#8243; _builder_version=&#8221;4.23.4&#8243; _module_preset=&#8221;default&#8221; global_colors_info=&#8221;{}&#8221;][et_pb_text _builder_version=&#8221;4.23.4&#8243; _module_preset=&#8221;default&#8221; custom_margin=&#8221;||15px||false|false&#8221; global_colors_info=&#8221;{}&#8221;]<\/p>\n<h1>UNVEZ BUHEZ GWAREZET (UBG)<\/h1>\n<p>[\/et_pb_text][et_pb_text _builder_version=&#8221;4.23.4&#8243; _module_preset=&#8221;default&#8221; global_colors_info=&#8221;{}&#8221;]<\/p>\n<p style=\"text-align: justify;\">An dud ouzhpenn 60 vloaz skoet gant kle\u00f1ved Alzheimer pe gant un azoniad peuzhe\u00f1vel a ranker dalc\u2019hmat ha dizehan teuler evezh oute hag ezhomm o devez da veza\u00f1 distrafuilhet ha dinec\u2019het.<\/p>\n<p style=\"text-align: justify;\">Suraet eo UBG hon Annez, a gaver 15 kambr enni. Ur sal-debri\u00f1 hag ul liorzh kloz zo enni ivez.<\/p>\n<p>[\/et_pb_text][\/et_pb_column][\/et_pb_row][et_pb_row _builder_version=&#8221;4.23.4&#8243; _module_preset=&#8221;default&#8221; custom_margin=&#8221;||||false|false&#8221; custom_padding=&#8221;5px||5px||false|false&#8221; global_colors_info=&#8221;{}&#8221;][et_pb_column type=&#8221;4_4&#8243; _builder_version=&#8221;4.23.4&#8243; _module_preset=&#8221;default&#8221; global_colors_info=&#8221;{}&#8221;][et_pb_divider color=&#8221;#008996&#8243; divider_position=&#8221;center&#8221; _builder_version=&#8221;4.23.4&#8243; _module_preset=&#8221;default&#8221; global_colors_info=&#8221;{}&#8221;][\/et_pb_divider][\/et_pb_column][\/et_pb_row][et_pb_row column_structure=&#8221;1_2,1_2&#8243; _builder_version=&#8221;4.23.4&#8243; _module_preset=&#8221;default&#8221; global_colors_info=&#8221;{}&#8221;][et_pb_column type=&#8221;1_2&#8243; _builder_version=&#8221;4.23.4&#8243; _module_preset=&#8221;default&#8221; global_colors_info=&#8221;{}&#8221;][et_pb_text _builder_version=&#8221;4.23.4&#8243; _module_preset=&#8221;default&#8221; custom_margin=&#8221;||15px||false|false&#8221; custom_padding=&#8221;||||false|false&#8221; global_colors_info=&#8221;{}&#8221;]<\/p>\n<h1>KUZUL AR VUHEZ SOKIAL<\/h1>\n<p>[\/et_pb_text][et_pb_text _builder_version=&#8221;4.23.4&#8243; _module_preset=&#8221;default&#8221; global_colors_info=&#8221;{}&#8221;]<\/p>\n<p style=\"text-align: justify;\">Ur gwir lec\u2019h eskemm ha keja\u00f1 eo. E-kreiz Kuzul ar Vuhez Sokial (KBS) ema\u00f1 an Annezidi.<br \/>\nAn ensav alia\u00f1-se zo enna\u00f1 dileuridi eus an Annezidi, ar familho\u00f9, ar c\u2019hoskor, an aozadur mera\u00f1 (Kreizenn Obererezh Sokial ar Gumum) hag ar Renerezh. En em voda\u00f1 a ra teir gwech ar bloaz da nebeuta\u00f1.<br \/>\nPal ar c\u2019hKBS eo pledi\u00f1 gant ar mont en-dro, ar vuhez pemdez ha gant aozadur diabarzh an annez. <\/p>\n<p>[\/et_pb_text][\/et_pb_column][et_pb_column type=&#8221;1_2&#8243; _builder_version=&#8221;4.23.4&#8243; _module_preset=&#8221;default&#8221; global_colors_info=&#8221;{}&#8221;][et_pb_image src=&#8221;https:\/\/www.residencelevergerdyvonne.bzh\/wp-content\/uploads\/2024\/02\/CVS.jpg&#8221; _builder_version=&#8221;4.23.4&#8243; _module_preset=&#8221;default&#8221; title_text=&#8221;CVS&#8221; hover_enabled=&#8221;0&#8243; sticky_enabled=&#8221;0&#8243;][\/et_pb_image][\/et_pb_column][\/et_pb_row][\/et_pb_section]<\/p>\n","protected":false},"excerpt":{"rendered":"<p>HON ANNEZHOR SKIPAILHUr skipailh liesdiskiblezhel zo en ho servij, evit sikour ac\u2019hanoc\u2019h keit ha ma vezit o chom en ti-ma\u00f1 : Eilrener\u00b7ez Gwazourien ha gwazourezed lec\u2019havei\u00f1 Gwazourien ha gwazourezed teknikel Adkla\u00f1vdiourien hag adkla\u00f1vdiourezed noz ha deiz \/ ASG (skoazellerien brederia\u00f1 ha skoazellerezed predereria\u00f1 e gerontologiezh) \/ Gwarzourien ha gwarzourezed prederia\u00f1. Buhezour\u00b7ez Kontour\u00b7ez \/ Koskor Keginerien [&hellip;]<\/p>\n","protected":false},"author":1,"featured_media":0,"parent":0,"menu_order":0,"comment_status":"closed","ping_status":"closed","template":"","meta":{"_et_pb_use_builder":"on","_et_pb_old_content":"","_et_gb_content_width":"","footnotes":""},"class_list":["post-319","page","type-page","status-publish","hentry"],"_links":{"self":[{"href":"https:\/\/www.residencelevergerdyvonne.bzh\/br-fr\/wp-json\/wp\/v2\/pages\/319","targetHints":{"allow":["GET"]}}],"collection":[{"href":"https:\/\/www.residencelevergerdyvonne.bzh\/br-fr\/wp-json\/wp\/v2\/pages"}],"about":[{"href":"https:\/\/www.residencelevergerdyvonne.bzh\/br-fr\/wp-json\/wp\/v2\/types\/page"}],"author":[{"embeddable":true,"href":"https:\/\/www.residencelevergerdyvonne.bzh\/br-fr\/wp-json\/wp\/v2\/users\/1"}],"replies":[{"embeddable":true,"href":"https:\/\/www.residencelevergerdyvonne.bzh\/br-fr\/wp-json\/wp\/v2\/comments?post=319"}],"version-history":[{"count":0,"href":"https:\/\/www.residencelevergerdyvonne.bzh\/br-fr\/wp-json\/wp\/v2\/pages\/319\/revisions"}],"wp:attachment":[{"href":"https:\/\/www.residencelevergerdyvonne.bzh\/br-fr\/wp-json\/wp\/v2\/media?parent=319"}],"curies":[{"name":"wp","href":"https:\/\/api.w.org\/{rel}","templated":true}]}}