{"id":318,"date":"2024-01-11T15:18:40","date_gmt":"2024-01-11T14:18:40","guid":{"rendered":"https:\/\/www.residencelevergerdyvonne.bzh\/tegemer\/"},"modified":"2024-12-12T14:37:50","modified_gmt":"2024-12-12T13:37:50","slug":"tegemer","status":"publish","type":"page","link":"https:\/\/www.residencelevergerdyvonne.bzh\/br-fr\/","title":{"rendered":"TEGEMER"},"content":{"rendered":"<p>[et_pb_section fb_built=&#8221;1&#8243; fullwidth=&#8221;on&#8221; _builder_version=&#8221;4.23.4&#8243; _module_preset=&#8221;default&#8221; global_colors_info=&#8221;{}&#8221;][et_pb_fullwidth_slider use_bg_overlay=&#8221;off&#8221; _builder_version=&#8221;4.23.4&#8243; _module_preset=&#8221;default&#8221; background_enable_image=&#8221;off&#8221; height=&#8221;550px&#8221; height_tablet=&#8221;250px&#8221; height_phone=&#8221;350px&#8221; height_last_edited=&#8221;on|tablet&#8221; global_colors_info=&#8221;{}&#8221;][et_pb_slide _builder_version=&#8221;4.23.4&#8243; _module_preset=&#8221;default&#8221; background_color=&#8221;RGBA(255,255,255,0)&#8221; background_enable_color=&#8221;on&#8221; background_image=&#8221;https:\/\/www.residencelevergerdyvonne.bzh\/wp-content\/uploads\/2024\/01\/diaporama1-residence-le-verger-chateauneuf-du-faou.jpg&#8221; background_enable_image=&#8221;on&#8221; global_colors_info=&#8221;{}&#8221; sticky_transition=&#8221;on&#8221;][\/et_pb_slide][et_pb_slide _builder_version=&#8221;4.23.4&#8243; _module_preset=&#8221;default&#8221; background_color=&#8221;RGBA(255,255,255,0)&#8221; background_enable_color=&#8221;on&#8221; background_image=&#8221;https:\/\/www.residencelevergerdyvonne.bzh\/wp-content\/uploads\/2024\/01\/diaporama2-residence-le-verger-chateauneuf-du-faou.jpg&#8221; background_enable_image=&#8221;on&#8221; global_colors_info=&#8221;{}&#8221; sticky_transition=&#8221;on&#8221;][\/et_pb_slide][et_pb_slide _builder_version=&#8221;4.23.4&#8243; _module_preset=&#8221;default&#8221; background_color=&#8221;RGBA(255,255,255,0)&#8221; background_enable_color=&#8221;on&#8221; background_image=&#8221;https:\/\/www.residencelevergerdyvonne.bzh\/wp-content\/uploads\/2024\/01\/diaporama3-residence-le-verger-chateauneuf-du-faou.jpg&#8221; background_enable_image=&#8221;on&#8221; global_colors_info=&#8221;{}&#8221; sticky_transition=&#8221;on&#8221;][\/et_pb_slide][et_pb_slide _builder_version=&#8221;4.23.4&#8243; _module_preset=&#8221;default&#8221; background_color=&#8221;RGBA(255,255,255,0)&#8221; background_enable_color=&#8221;on&#8221; background_image=&#8221;https:\/\/www.residencelevergerdyvonne.bzh\/wp-content\/uploads\/2024\/01\/diaporama4-residence-le-verger-chateauneuf-du-faou.jpg&#8221; background_enable_image=&#8221;on&#8221; global_colors_info=&#8221;{}&#8221; sticky_transition=&#8221;on&#8221;][\/et_pb_slide][et_pb_slide _builder_version=&#8221;4.23.4&#8243; _module_preset=&#8221;default&#8221; background_color=&#8221;RGBA(255,255,255,0)&#8221; background_enable_color=&#8221;on&#8221; background_image=&#8221;https:\/\/www.residencelevergerdyvonne.bzh\/wp-content\/uploads\/2024\/01\/diaporama5-residence-le-verger-chateauneuf-du-faou.jpg&#8221; background_enable_image=&#8221;on&#8221; global_colors_info=&#8221;{}&#8221; sticky_transition=&#8221;on&#8221;][\/et_pb_slide][\/et_pb_fullwidth_slider][\/et_pb_section][et_pb_section fb_built=&#8221;1&#8243; _builder_version=&#8221;4.23.4&#8243; _module_preset=&#8221;default&#8221; custom_padding=&#8221;20px||20px||false|false&#8221; global_colors_info=&#8221;{}&#8221;][et_pb_row _builder_version=&#8221;4.23.4&#8243; _module_preset=&#8221;default&#8221; global_colors_info=&#8221;{}&#8221;][et_pb_column type=&#8221;4_4&#8243; _builder_version=&#8221;4.23.4&#8243; _module_preset=&#8221;default&#8221; global_colors_info=&#8221;{}&#8221;][et_pb_text _builder_version=&#8221;4.23.4&#8243; _module_preset=&#8221;default&#8221; global_colors_info=&#8221;{}&#8221;]<\/p>\n<h1 style=\"text-align: center;\">An Annez \u00ab Le verger d\u2019Yvonne \u00bb<br \/>Kastell-Nevez-ar-Faou \/ Penn-ar-Bed<\/h1>\n<p>[\/et_pb_text][et_pb_text _builder_version=&#8221;4.23.4&#8243; _module_preset=&#8221;default&#8221; global_colors_info=&#8221;{}&#8221;]<\/p>\n<p style=\"text-align: center;\">E-kreiz trao\u00f1ienn ar St\u00ear-Aon ema\u00f1 an Annez \u00ab Le verger d\u2019Yvonne \u00bb, un ti plaen anezha\u00f1 bet savet ha digoret e 2023. Degemeret e vezit eno e daou dakad, un takad AHDOD (Annez Herberc\u2019hia\u00f1 Evit An Dud Oadet Dalc\u2019het) hag un takad UBG (Unvez Buhez Gwarezet).<br \/>E-kichen kreiz-k\u00ear Kastell-Nevez-ar-Faou ema\u00f1 an Annez, a zo empentet evel ur gwir lec\u2019h buhez.<\/p>\n<p>[\/et_pb_text][\/et_pb_column][\/et_pb_row][\/et_pb_section][et_pb_section fb_built=&#8221;1&#8243; _builder_version=&#8221;4.23.4&#8243; _module_preset=&#8221;default&#8221; background_color=&#8221;#f2f9fa&#8221; custom_margin=&#8221;0px||||false|false&#8221; custom_padding=&#8221;20px||||false|false&#8221; global_colors_info=&#8221;{}&#8221;][et_pb_row column_structure=&#8221;1_2,1_2&#8243; _builder_version=&#8221;4.23.4&#8243; _module_preset=&#8221;default&#8221; global_colors_info=&#8221;{}&#8221;][et_pb_column type=&#8221;1_2&#8243; _builder_version=&#8221;4.23.4&#8243; _module_preset=&#8221;default&#8221; global_colors_info=&#8221;{}&#8221;][et_pb_text _builder_version=&#8221;4.23.4&#8243; _module_preset=&#8221;default&#8221; global_colors_info=&#8221;{}&#8221;]<\/p>\n<h1>Zoum war an annez<\/h1>\n<p>[\/et_pb_text][et_pb_video src=&#8221;https:\/\/www.youtube.com\/watch?v=8MxNHTtKsyI&#8221; _builder_version=&#8221;4.23.4&#8243; _module_preset=&#8221;default&#8221; global_colors_info=&#8221;{}&#8221;][\/et_pb_video][\/et_pb_column][et_pb_column type=&#8221;1_2&#8243; _builder_version=&#8221;4.23.4&#8243; _module_preset=&#8221;default&#8221; global_colors_info=&#8221;{}&#8221;][et_pb_text _builder_version=&#8221;4.23.4&#8243; _module_preset=&#8221;default&#8221; global_colors_info=&#8221;{}&#8221;]<\/p>\n<h1>Ger ar skipailh<\/h1>\n<p>[\/et_pb_text][et_pb_text _builder_version=&#8221;4.23.4&#8243; _module_preset=&#8221;default&#8221; global_colors_info=&#8221;{}&#8221;]<\/p>\n<p>Ar Renerezh, an holl implijidi hag an Annezidi a het degemer mat deoc\u2019h.<\/p>\n<p>[\/et_pb_text][et_pb_image src=&#8221;https:\/\/www.residencelevergerdyvonne.bzh\/wp-content\/uploads\/2024\/02\/Le-mot-de-l-equipe.jpg&#8221; title_text=&#8221;Ger ar skipailh&#8221; _builder_version=&#8221;4.23.4&#8243; _module_preset=&#8221;default&#8221; hover_enabled=&#8221;0&#8243; global_colors_info=&#8221;{}&#8221; sticky_enabled=&#8221;0&#8243;][\/et_pb_image][\/et_pb_column][\/et_pb_row][\/et_pb_section]<\/p>\n","protected":false},"excerpt":{"rendered":"<p>An Annez \u00ab Le verger d\u2019Yvonne \u00bbKastell-Nevez-ar-Faou \/ Penn-ar-BedE-kreiz trao\u00f1ienn ar St\u00ear-Aon ema\u00f1 an Annez \u00ab Le verger d\u2019Yvonne \u00bb, un ti plaen anezha\u00f1 bet savet ha digoret e 2023. Degemeret e vezit eno e daou dakad, un takad AHDOD (Annez Herberc\u2019hia\u00f1 Evit An Dud Oadet Dalc\u2019het) hag un takad UBG (Unvez Buhez Gwarezet).E-kichen kreiz-k\u00ear [&hellip;]<\/p>\n","protected":false},"author":1,"featured_media":0,"parent":0,"menu_order":0,"comment_status":"closed","ping_status":"closed","template":"","meta":{"_et_pb_use_builder":"on","_et_pb_old_content":"","_et_gb_content_width":"","footnotes":""},"class_list":["post-318","page","type-page","status-publish","hentry"],"_links":{"self":[{"href":"https:\/\/www.residencelevergerdyvonne.bzh\/br-fr\/wp-json\/wp\/v2\/pages\/318","targetHints":{"allow":["GET"]}}],"collection":[{"href":"https:\/\/www.residencelevergerdyvonne.bzh\/br-fr\/wp-json\/wp\/v2\/pages"}],"about":[{"href":"https:\/\/www.residencelevergerdyvonne.bzh\/br-fr\/wp-json\/wp\/v2\/types\/page"}],"author":[{"embeddable":true,"href":"https:\/\/www.residencelevergerdyvonne.bzh\/br-fr\/wp-json\/wp\/v2\/users\/1"}],"replies":[{"embeddable":true,"href":"https:\/\/www.residencelevergerdyvonne.bzh\/br-fr\/wp-json\/wp\/v2\/comments?post=318"}],"version-history":[{"count":3,"href":"https:\/\/www.residencelevergerdyvonne.bzh\/br-fr\/wp-json\/wp\/v2\/pages\/318\/revisions"}],"predecessor-version":[{"id":397,"href":"https:\/\/www.residencelevergerdyvonne.bzh\/br-fr\/wp-json\/wp\/v2\/pages\/318\/revisions\/397"}],"wp:attachment":[{"href":"https:\/\/www.residencelevergerdyvonne.bzh\/br-fr\/wp-json\/wp\/v2\/media?parent=318"}],"curies":[{"name":"wp","href":"https:\/\/api.w.org\/{rel}","templated":true}]}}